{"id":1299,"date":"2020-06-18T16:39:49","date_gmt":"2020-06-18T14:39:49","guid":{"rendered":"https:\/\/www.verein-sprungbrett.org\/wp\/?page_id=1299"},"modified":"2026-04-10T14:12:56","modified_gmt":"2026-04-10T12:12:56","slug":"datenschutzerklaerung","status":"publish","type":"page","link":"https:\/\/www.verein-sprungbrett.org\/wp\/datenschutzerklaerung\/","title":{"rendered":"Datenschutzerkl\u00e4rung"},"content":{"rendered":"<div data-colibri-id=\"1299-c1\" class=\"style-1129 style-local-1299-c1 position-relative\">\n  <!---->\n  <div data-colibri-component=\"section\" data-colibri-id=\"1299-c2\" id=\"f-a-q\" class=\"h-section h-section-global-spacing d-flex align-items-lg-center align-items-md-center align-items-center style-1130 style-local-1299-c2 position-relative\">\n    <!---->\n    <!---->\n    <div class=\"h-section-grid-container h-section-boxed-container\">\n      <div data-colibri-id=\"1299-c5\" class=\"h-row-container gutters-row-lg-2 gutters-row-md-2 gutters-row-2 gutters-row-v-lg-2 gutters-row-v-md-2 gutters-row-v-2 style-1141 style-local-1299-c5 position-relative\">\n        <!---->\n        <div class=\"h-row justify-content-lg-start justify-content-md-start justify-content-start align-items-lg-stretch align-items-md-stretch align-items-stretch gutters-col-lg-2 gutters-col-md-2 gutters-col-2 gutters-col-v-lg-2 gutters-col-v-md-2 gutters-col-v-2\">\n          <!---->\n          <div class=\"h-column h-column-container d-flex h-col-lg-auto h-col-md-auto h-col-auto style-1142-outer style-local-1299-c6-outer\">\n            <div data-colibri-id=\"1299-c6\" class=\"d-flex h-flex-basis h-column__inner h-px-lg-2 h-px-md-2 h-px-2 v-inner-lg-0 v-inner-md-0 v-inner-0 style-1142 style-local-1299-c6 position-relative\">\n              <!---->\n              <!---->\n              <div class=\"w-100 h-y-container h-column__content h-column__v-align flex-basis-auto align-self-lg-center align-self-md-center align-self-center\">\n                <!---->\n                <div data-colibri-id=\"1299-c7\" class=\"h-global-transition-all h-heading style-1143 style-local-1299-c7 position-relative h-element\">\n                  <!---->\n                  <div class=\"h-heading__outer style-1143 style-local-1299-c7\">\n                    <!---->\n                    <!---->\n                    <h2 class=\"\"><span style=\"color: rgb(6, 88, 163);\">DATENSCHUTZ<\/span><\/h2>\n                  <\/div>\n                <\/div>\n              <\/div>\n            <\/div>\n          <\/div>\n          <div class=\"h-column h-column-container d-flex h-col-lg-auto h-col-md h-col-auto style-1144-outer style-local-1299-c8-outer\">\n            <div data-colibri-id=\"1299-c8\" class=\"d-flex h-flex-basis h-column__inner h-px-lg-2 h-px-md-2 h-px-2 v-inner-lg-0 v-inner-md-0 v-inner-0 style-1144 style-local-1299-c8 position-relative\">\n              <!---->\n              <!---->\n              <div class=\"w-100 h-y-container h-column__content h-column__v-align flex-basis-100 align-self-lg-start align-self-md-start align-self-start\">\n                <!---->\n                <div data-colibri-id=\"1299-c9\" class=\"h-text h-text-component style-1146 style-local-1299-c9 position-relative h-element\">\n                  <!---->\n                  <!---->\n                  <div class=\"\">\n                    <p>Wir freuen uns sehr \u00fcber Ihr Interesse an unserem Unternehmen. Datenschutz hat einen besonders hohen Stellenwert f\u00fcr die Gesch\u00e4ftsleitung der Sprungbrett Familien- und Jugendhilfe Hanau e.V.<\/p>\n                  <\/div>\n                <\/div>\n              <\/div>\n            <\/div>\n          <\/div>\n          <div class=\"h-column h-column-container d-flex h-col-lg-auto h-col-md h-col-auto style-1144-outer style-local-1299-c10-outer\">\n            <div data-colibri-id=\"1299-c10\" class=\"d-flex h-flex-basis h-column__inner h-px-lg-2 h-px-md-2 h-px-2 v-inner-lg-0 v-inner-md-0 v-inner-0 style-1144 style-local-1299-c10 position-relative\">\n              <!---->\n              <!---->\n              <div class=\"w-100 h-y-container h-column__content h-column__v-align flex-basis-100 align-self-lg-start align-self-md-start align-self-start\">\n                <!---->\n                <div data-colibri-id=\"1299-c11\" class=\"style-1416 style-local-1299-c11 position-relative h-element\">\n                  <!---->\n                  <div class=\"\">\n                    <iframe src=\"https:\/\/app.alfright.eu\/ext\/dps\/alfright_schutzteam\/03ff6bd7168a4502afba8d1349578f74?lang=de-de&amp;headercolor=#131F64&amp;headerfont=Arial&amp;headersize=21px&amp;subheadersize=18px&amp;fontcolor=#333333&amp;textfont=Arial&amp;textsize=14px&amp;background=#F5FAFD&amp;linkcolor=#337ab7\"\n                      width=\"100%\" height=\"5000\" style=\"border:0;\" loading=\"lazy\"><\/iframe>\n                  <\/div>\n                <\/div>\n              <\/div>\n            <\/div>\n          <\/div>\n        <\/div>\n      <\/div>\n      <div data-colibri-id=\"1299-c3\" class=\"h-row-container gutters-row-lg-2 gutters-row-md-2 gutters-row-0 gutters-row-v-lg-2 gutters-row-v-md-2 gutters-row-v-2 style-1131 style-local-1299-c3 position-relative\">\n        <!---->\n        <div class=\"h-row justify-content-lg-center justify-content-md-center justify-content-center align-items-lg-stretch align-items-md-stretch align-items-stretch gutters-col-lg-2 gutters-col-md-2 gutters-col-0 gutters-col-v-lg-2 gutters-col-v-md-2 gutters-col-v-2\">\n          <!---->\n          <div class=\"h-column h-column-container d-flex h-col-lg-auto h-col-md-auto h-col-auto style-1132-outer style-local-1299-c4-outer\">\n            <div data-colibri-id=\"1299-c4\" class=\"d-flex h-flex-basis h-column__inner h-ui-empty-state-container h-px-lg-2 h-px-md-2 h-px-2 v-inner-lg-2 v-inner-md-2 v-inner-2 style-1132 style-local-1299-c4 position-relative\">\n              <!---->\n              <!---->\n              <div class=\"w-100 h-y-container h-column__content h-column__v-align flex-basis-100\">\n                <!---->\n              <\/div>\n            <\/div>\n          <\/div>\n        <\/div>\n      <\/div>\n    <\/div>\n  <\/div>\n<\/div>","protected":false},"excerpt":{"rendered":"<p>DATENSCHUTZ Wir freuen uns sehr \u00fcber Ihr Interesse an unserem Unternehmen. Datenschutz hat einen besonders hohen Stellenwert f\u00fcr die Gesch\u00e4ftsleitung der Sprungbrett Familien- und Jugendhilfe Hanau e.V.<\/p>\n","protected":false},"author":1,"featured_media":0,"parent":0,"menu_order":0,"comment_status":"closed","ping_status":"closed","template":"page-templates\/full-width-page.php","meta":{"footnotes":""},"class_list":["post-1299","page","type-page","status-publish","hentry"],"_links":{"self":[{"href":"https:\/\/www.verein-sprungbrett.org\/wp\/wp-json\/wp\/v2\/pages\/1299","targetHints":{"allow":["GET"]}}],"collection":[{"href":"https:\/\/www.verein-sprungbrett.org\/wp\/wp-json\/wp\/v2\/pages"}],"about":[{"href":"https:\/\/www.verein-sprungbrett.org\/wp\/wp-json\/wp\/v2\/types\/page"}],"author":[{"embeddable":true,"href":"https:\/\/www.verein-sprungbrett.org\/wp\/wp-json\/wp\/v2\/users\/1"}],"replies":[{"embeddable":true,"href":"https:\/\/www.verein-sprungbrett.org\/wp\/wp-json\/wp\/v2\/comments?post=1299"}],"version-history":[{"count":20,"href":"https:\/\/www.verein-sprungbrett.org\/wp\/wp-json\/wp\/v2\/pages\/1299\/revisions"}],"predecessor-version":[{"id":5220,"href":"https:\/\/www.verein-sprungbrett.org\/wp\/wp-json\/wp\/v2\/pages\/1299\/revisions\/5220"}],"wp:attachment":[{"href":"https:\/\/www.verein-sprungbrett.org\/wp\/wp-json\/wp\/v2\/media?parent=1299"}],"curies":[{"name":"wp","href":"https:\/\/api.w.org\/{rel}","templated":true}]}}